{"id":1250,"date":"2019-12-26T17:49:35","date_gmt":"2019-12-26T16:49:35","guid":{"rendered":"https:\/\/tupeluqueriaonline.com\/blog\/?page_id=1250"},"modified":"2021-09-06T09:40:44","modified_gmt":"2021-09-06T08:40:44","slug":"secadores","status":"publish","type":"page","link":"https:\/\/www.tupeluqueriaonline.com\/blog\/secadores\/","title":{"rendered":"Secadores"},"content":{"rendered":"\n[et_pb_section fb_built=\u00bb1&#8243; custom_padding_last_edited=\u00bbon|tablet\u00bb admin_label=\u00bbHero Section\u00bb _builder_version=\u00bb4.0.6&#8243; background_color=\u00bb#3644af\u00bb use_background_color_gradient=\u00bbon\u00bb background_color_gradient_start=\u00bbrgba(255,255,255,0)\u00bb background_color_gradient_end=\u00bb#ffffff\u00bb background_color_gradient_overlays_image=\u00bbon\u00bb background_image=\u00bbhttps:\/\/tupeluqueriaonline.com\/blog\/wp-content\/uploads\/2019\/12\/baner-secador.jpg\u00bb custom_margin=\u00bb||22px|||\u00bb custom_padding=\u00bb100px|0px|156px|0px||\u00bb custom_padding_tablet=\u00bb|||\u00bb custom_padding_phone=\u00bb|||\u00bb][et_pb_row _builder_version=\u00bb3.25&#8243; custom_padding=\u00bb|||\u00bb animation_style=\u00bbslide\u00bb animation_direction=\u00bbbottom\u00bb animation_intensity_slide=\u00bb10%\u00bb][et_pb_column type=\u00bb4_4&#8243; _builder_version=\u00bb3.25&#8243; custom_padding=\u00bb|||\u00bb custom_padding__hover=\u00bb|||\u00bb][et_pb_text admin_label=\u00bbTitle and subhead\u00bb _builder_version=\u00bb4.0.6&#8243; text_font=\u00bbUbuntu||||||||\u00bb text_font_size=\u00bb16px\u00bb text_line_height=\u00bb1.8em\u00bb header_font=\u00bbMontserrat|700|||||||\u00bb header_font_size=\u00bb50px\u00bb header_line_height=\u00bb1.4em\u00bb header_2_font=\u00bb||||||||\u00bb text_orientation=\u00bbcenter\u00bb max_width=\u00bb600px\u00bb module_alignment=\u00bbcenter\u00bb header_font_size_tablet=\u00bb\u00bb header_font_size_phone=\u00bb40px\u00bb header_font_size_last_edited=\u00bbon|desktop\u00bb locked=\u00bboff\u00bb]<h1>Secadores de pelo<\/h1>\n<p>Es el momento ideal para pedir\u00a0a los<strong> Reyes Magos<\/strong>. \u00a1Elige el <strong>secador perfecto<\/strong> para t\u00ed o quien tu quieras!. Tenemos los mejores precios de internet.<\/p>[\/et_pb_text][\/et_pb_column][\/et_pb_row][\/et_pb_section][et_pb_section fb_built=\u00bb1&#8243; admin_label=\u00bbTeams &#038; Positions\u00bb _builder_version=\u00bb4.0.6&#8243; background_color=\u00bb#ffffff\u00bb custom_padding=\u00bb30px|0px|22px|0px||\u00bb][et_pb_row column_structure=\u00bb1_3,1_3,1_3&#8243; admin_label=\u00bbRow\u00bb _builder_version=\u00bb3.25&#8243; custom_padding=\u00bb51px||51px||true|\u00bb locked=\u00bboff\u00bb][et_pb_column type=\u00bb1_3&#8243; _builder_version=\u00bb3.25&#8243; custom_padding=\u00bb|||\u00bb custom_padding__hover=\u00bb|||\u00bb][et_pb_button button_url=\u00bbhttps:\/\/tupeluqueriaonline.com\/blog\/maquinas-de-corte-y-afeitadoras\/\u00bb button_text=\u00bbM\u00e1quinas de Corte\u00bb button_alignment=\u00bbcenter\u00bb _builder_version=\u00bb4.0.6&#8243; custom_button=\u00bbon\u00bb button_text_color=\u00bb#ffffff\u00bb button_bg_color=\u00bb#ff234b\u00bb button_border_width=\u00bb8px\u00bb button_border_color=\u00bbrgba(0,0,0,0)\u00bb button_border_radius=\u00bb58px\u00bb button_icon=\u00bb%%141%%\u00bb][\/et_pb_button][\/et_pb_column][et_pb_column type=\u00bb1_3&#8243; _builder_version=\u00bb3.25&#8243; custom_padding=\u00bb|||\u00bb custom_padding__hover=\u00bb|||\u00bb][et_pb_button button_url=\u00bbhttps:\/\/tupeluqueriaonline.com\/blog\/secadores\/\u00bb button_text=\u00bbSecadores de pelo\u00bb button_alignment=\u00bbcenter\u00bb _builder_version=\u00bb4.0.6&#8243; custom_button=\u00bbon\u00bb button_text_color=\u00bb#ffffff\u00bb button_bg_color=\u00bb#ff234b\u00bb button_border_width=\u00bb8px\u00bb button_border_color=\u00bbrgba(0,0,0,0)\u00bb button_border_radius=\u00bb58px\u00bb button_icon=\u00bb%%141%%\u00bb][\/et_pb_button][\/et_pb_column][et_pb_column type=\u00bb1_3&#8243; _builder_version=\u00bb3.25&#8243; custom_padding=\u00bb|||\u00bb custom_padding__hover=\u00bb|||\u00bb][et_pb_button button_url=\u00bbhttps:\/\/tupeluqueriaonline.com\/blog\/planchas-y-tenacillas\u00bb button_text=\u00bbPlanchas y Tenacillas\u00bb button_alignment=\u00bbcenter\u00bb _builder_version=\u00bb4.0.6&#8243; custom_button=\u00bbon\u00bb button_text_color=\u00bb#ffffff\u00bb button_bg_color=\u00bb#ff234b\u00bb button_border_width=\u00bb8px\u00bb button_border_color=\u00bbrgba(0,0,0,0)\u00bb button_border_radius=\u00bb58px\u00bb button_icon=\u00bb%%141%%\u00bb][\/et_pb_button][\/et_pb_column][\/et_pb_row][et_pb_row admin_label=\u00bbRow\u00bb _builder_version=\u00bb3.25&#8243; custom_padding=\u00bb0px|||||\u00bb locked=\u00bboff\u00bb][et_pb_column type=\u00bb4_4&#8243; _builder_version=\u00bb3.25&#8243; custom_padding=\u00bb|||\u00bb custom_padding__hover=\u00bb|||\u00bb][et_pb_text admin_label=\u00bbTitle\u00bb _builder_version=\u00bb4.0.6&#8243; text_font=\u00bbUbuntu||||||||\u00bb text_font_size=\u00bb16px\u00bb text_line_height=\u00bb1.8em\u00bb header_font=\u00bb||||||||\u00bb header_2_font=\u00bbMontserrat|700|||||||\u00bb header_2_font_size=\u00bb40px\u00bb header_2_line_height=\u00bb1.4em\u00bb text_orientation=\u00bbcenter\u00bb max_width=\u00bb600px\u00bb module_alignment=\u00bbcenter\u00bb custom_margin=\u00bb|||\u00bb]<h2>Queridos Reyes Magos&#8230;\u00a0<\/h2>[\/et_pb_text][\/et_pb_column][\/et_pb_row][et_pb_row column_structure=\u00bb1_3,1_3,1_3&#8243; _builder_version=\u00bb4.0.6&#8243; custom_padding=\u00bb7px|||||\u00bb][et_pb_column type=\u00bb1_3&#8243; _builder_version=\u00bb4.0.6&#8243;][et_pb_image src=\u00bbhttps:\/\/tupeluqueriaonline.com\/blog\/wp-content\/uploads\/2019\/12\/babyliss-pro.jpg\u00bb url=\u00bbhttps:\/\/www.tupeluqueriaonline.com\/babylisspro-secador-rapido-secador-pelo-profesional-p-12639.html\u00bb _builder_version=\u00bb4.0.6&#8243; custom_padding=\u00bb||0px|||\u00bb][\/et_pb_image][et_pb_text _builder_version=\u00bb4.0.6&#8243; header_font_size=\u00bb41px\u00bb link_option_url=\u00bbhttps:\/\/www.tupeluqueriaonline.com\/babylisspro-secador-rapido-secador-pelo-profesional-p-12639.html\u00bb]<h4 class=\"Title\" style=\"text-align: center;\">BABYLISSPRO SECADOR RAPIDO SECADOR DE PELO PROFESIONAL<\/h4>\n<h1 style=\"text-align: center;\"><span style=\"color: #800000;\"><strong>110,11\u20ac<\/strong><\/span><\/h1>\n<p>.<\/p>[\/et_pb_text][\/et_pb_column][et_pb_column type=\u00bb1_3&#8243; _builder_version=\u00bb4.0.6&#8243;][et_pb_image src=\u00bbhttps:\/\/tupeluqueriaonline.com\/blog\/wp-content\/uploads\/2019\/12\/twister-3800.jpg\u00bb url=\u00bbhttps:\/\/www.tupeluqueriaonline.com\/twister-3900-rojo-secador-pelo-profesional-2200w-p-12702.html\u00bb _builder_version=\u00bb4.0.6&#8243; custom_padding=\u00bb||0px|||\u00bb][\/et_pb_image][et_pb_text _builder_version=\u00bb4.0.6&#8243; header_font_size=\u00bb41px\u00bb link_option_url=\u00bbhttps:\/\/www.tupeluqueriaonline.com\/twister-3900-rojo-secador-pelo-profesional-2200w-p-12702.html\u00bb]<h4 class=\"Title\" style=\"text-align: center;\">AG TWISTER 3900 ROJO| SECADOR DE PELO PROFESIONAL 2200W<\/h4>\n<h1 style=\"text-align: center;\"><span style=\"color: #800000;\"><strong>23,50\u20ac<\/strong><\/span><\/h1>\n<p>.<\/p>[\/et_pb_text][\/et_pb_column][et_pb_column type=\u00bb1_3&#8243; _builder_version=\u00bb4.0.6&#8243;][et_pb_image src=\u00bbhttps:\/\/tupeluqueriaonline.com\/blog\/wp-content\/uploads\/2019\/12\/ai_12593-287-3159-0.jpeg\u00bb url=\u00bbhttps:\/\/www.tupeluqueriaonline.com\/original-secador-dreox-compact-2000w-p-12593.html#3159-negro\u00bb _builder_version=\u00bb4.0.6&#8243; custom_padding=\u00bb||0px|||\u00bb][\/et_pb_image][et_pb_text _builder_version=\u00bb4.0.6&#8243; header_font_size=\u00bb41px\u00bb link_option_url=\u00bbhttps:\/\/www.tupeluqueriaonline.com\/original-secador-dreox-compact-2000w-p-12593.html#3159-negro\u00bb]<h4 class=\"Title\" style=\"text-align: center;\">ORIGINAL SECADOR DREOX COMPACT 2000W<span id=\"sbatri\"><span>\u00a0<\/span>NEGRO<\/span><\/h4>\n<h1 style=\"text-align: center;\"><span style=\"color: #800000;\"><strong>20,75\u20ac<\/strong><\/span><\/h1>\n<p>.<\/p>[\/et_pb_text][\/et_pb_column][\/et_pb_row][et_pb_row column_structure=\u00bb1_3,1_3,1_3&#8243; _builder_version=\u00bb4.0.6&#8243;][et_pb_column type=\u00bb1_3&#8243; _builder_version=\u00bb4.0.6&#8243;][et_pb_image src=\u00bbhttps:\/\/tupeluqueriaonline.com\/blog\/wp-content\/uploads\/2019\/12\/ai_12531-261-2961-0.jpeg\u00bb url=\u00bbhttps:\/\/www.tupeluqueriaonline.com\/parlux-3200-plus-secador-pelo-profesional-1900-p-12531.html#2961-violeta\u00bb _builder_version=\u00bb4.0.6&#8243; custom_padding=\u00bb||0px|||\u00bb][\/et_pb_image][et_pb_text _builder_version=\u00bb4.0.6&#8243; header_font_size=\u00bb41px\u00bb link_option_url=\u00bbhttps:\/\/www.tupeluqueriaonline.com\/wahl-detailer-cordless-stars-maquina-retoque-inalambrico-p-12563.html\u00bb]<h4 class=\"Title\" style=\"text-align: center;\">PARLUX 3200 PLUS SECADOR DE PELO PROFESIONAL 1900 W<\/h4>\n<h1 style=\"text-align: center;\"><span style=\"color: #800000;\"><strong>74,60\u20ac<\/strong><\/span><\/h1>\n<p>.<\/p>[\/et_pb_text][\/et_pb_column][et_pb_column type=\u00bb1_3&#8243; _builder_version=\u00bb4.0.6&#8243;][et_pb_image src=\u00bbhttps:\/\/tupeluqueriaonline.com\/blog\/wp-content\/uploads\/2019\/12\/babyliss-secador.jpg\u00bb url=\u00bbhttps:\/\/www.tupeluqueriaonline.com\/babyliss-secador-pelo-luminoso-2100w-p-12489.html#2897-blanco\u00bb _builder_version=\u00bb4.0.6&#8243; custom_padding=\u00bb||0px|||\u00bb][\/et_pb_image][et_pb_text _builder_version=\u00bb4.0.6&#8243; header_font_size=\u00bb41px\u00bb link_option_url=\u00bbhttps:\/\/www.tupeluqueriaonline.com\/babyliss-secador-pelo-luminoso-2100w-p-12489.html#2897-blanco\u00bb]<h4 class=\"Title\" style=\"text-align: center;\">BABYLISS SECADOR DE PELO LUMINOSO+ 2100W<\/h4>\n<h1 style=\"text-align: center;\"><span style=\"color: #800000;\"><strong>55,06\u20ac<\/strong><\/span><\/h1>\n<p>.<\/p>[\/et_pb_text][\/et_pb_column][et_pb_column type=\u00bb1_3&#8243; _builder_version=\u00bb4.0.6&#8243;][et_pb_image src=\u00bbhttps:\/\/tupeluqueriaonline.com\/blog\/wp-content\/uploads\/2019\/12\/gamma-piu-relax-silent-secador-profesional-gold-rose-2100w-1-11801.jpg\u00bb url=\u00bbhttps:\/\/www.tupeluqueriaonline.com\/gamma-relax-silent-secador-profesional-gold-rose-edicion-lujo-2100w-p-11801.html\u00bb _builder_version=\u00bb4.0.6&#8243; custom_padding=\u00bb||0px|||\u00bb][\/et_pb_image][et_pb_text _builder_version=\u00bb4.0.6&#8243; header_font_size=\u00bb41px\u00bb link_option_url=\u00bbhttps:\/\/www.tupeluqueriaonline.com\/gamma-relax-silent-secador-profesional-gold-rose-edicion-lujo-2100w-p-11801.html\u00bb]<h4 class=\"Title\" style=\"text-align: center;\">GAMMA PI\u00d9 RELAX SILENT SECADOR PROFESIONAL GOLD ROSE EDICION DE LUJO 2100W<\/h4>\n<h1 style=\"text-align: center;\"><span style=\"color: #800000;\"><strong>80,00\u20ac<\/strong><\/span><\/h1>\n<p>.<\/p>[\/et_pb_text][\/et_pb_column][\/et_pb_row][et_pb_row column_structure=\u00bb1_3,1_3,1_3&#8243; _builder_version=\u00bb4.0.6&#8243;][et_pb_column type=\u00bb1_3&#8243; _builder_version=\u00bb4.0.6&#8243;][et_pb_image src=\u00bbhttps:\/\/tupeluqueriaonline.com\/blog\/wp-content\/uploads\/2019\/12\/secador-parlux-alyon-rosa-2250w-1-9799.png\u00bb url=\u00bbhttps:\/\/www.tupeluqueriaonline.com\/search.php?precio_min=50&#038;precio_max=200&#038;search=alyon\u00bb _builder_version=\u00bb4.0.6&#8243; custom_padding=\u00bb||0px|||\u00bb][\/et_pb_image][et_pb_text _builder_version=\u00bb4.0.6&#8243; header_font_size=\u00bb41px\u00bb link_option_url=\u00bbhttps:\/\/www.tupeluqueriaonline.com\/secador-parlux-alyon-rosa-2250w-p-9799.html\u00bb]<h4 class=\"Title\" style=\"text-align: center;\">SECADOR PARLUX ALYON ROSA 2250W<\/h4>\n<h1 style=\"text-align: center;\"><span style=\"color: #800000;\"><strong>101,00\u20ac<\/strong><\/span><\/h1>\n<p>.<\/p>[\/et_pb_text][\/et_pb_column][et_pb_column type=\u00bb1_3&#8243; _builder_version=\u00bb4.0.6&#8243;][et_pb_image src=\u00bbhttps:\/\/tupeluqueriaonline.com\/blog\/wp-content\/uploads\/2019\/12\/secador-mini.jpg\u00bb url=\u00bbhttps:\/\/www.tupeluqueriaonline.com\/ultron-mini-secador-viaje-negro-p-6823.html\u00bb _builder_version=\u00bb4.0.6&#8243; custom_padding=\u00bb||0px|||\u00bb][\/et_pb_image][et_pb_text _builder_version=\u00bb4.0.6&#8243; header_font_size=\u00bb41px\u00bb link_option_url=\u00bbhttps:\/\/www.tupeluqueriaonline.com\/wahl-professional-classic-series-detailer-maquina-corte-detailer-black-p-11638.html\u00bb]<h4 class=\"Title\" style=\"text-align: center;\">ULTRON MINI SECADOR DE VIAJE NEGRO<\/h4>\n<h1 style=\"text-align: center;\"><span style=\"color: #800000;\"><strong>23,50\u20ac<\/strong><\/span><\/h1>\n<p>.<\/p>[\/et_pb_text][\/et_pb_column][et_pb_column type=\u00bb1_3&#8243; _builder_version=\u00bb4.0.6&#8243;][et_pb_image src=\u00bbhttps:\/\/tupeluqueriaonline.com\/blog\/wp-content\/uploads\/2019\/12\/albi-pro-secador-ionico-turmalina-3400-rosa-2000w-1-4802.jpeg\u00bb url=\u00bbhttps:\/\/www.tupeluqueriaonline.com\/albi-secador-ionico-turmalina-3400-rosa-2000w-p-4802.html\u00bb _builder_version=\u00bb4.0.6&#8243; custom_padding=\u00bb||0px|||\u00bb][\/et_pb_image][et_pb_text _builder_version=\u00bb4.0.6&#8243; header_font_size=\u00bb41px\u00bb link_option_url=\u00bbhttps:\/\/www.tupeluqueriaonline.com\/albi-secador-ionico-turmalina-3400-rosa-2000w-p-4802.html\u00bb]<h4 class=\"Title\" style=\"text-align: center;\">ALBI PRO SECADOR I\u00d3NICO TURMALINA 3400 &#8211; ROSA 2000W<\/h4>\n<h1 style=\"text-align: center;\"><span style=\"color: #800000;\"><strong>61,63\u20ac<\/strong><\/span><\/h1>\n<p>.<\/p>[\/et_pb_text][\/et_pb_column][\/et_pb_row][et_pb_row column_structure=\u00bb1_3,1_3,1_3&#8243; _builder_version=\u00bb4.0.6&#8243;][et_pb_column type=\u00bb1_3&#8243; _builder_version=\u00bb4.0.6&#8243;][et_pb_image src=\u00bbhttps:\/\/tupeluqueriaonline.com\/blog\/wp-content\/uploads\/2019\/12\/secador-touch.jpg\u00bb url=\u00bbhttps:\/\/www.tupeluqueriaonline.com\/ultron-secador-professional-touch-gloss-edition-2000w-p-10527.html\u00bb _builder_version=\u00bb4.0.6&#8243; custom_padding=\u00bb||0px|||\u00bb][\/et_pb_image][et_pb_text _builder_version=\u00bb4.0.6&#8243; header_font_size=\u00bb41px\u00bb link_option_url=\u00bbhttps:\/\/www.tupeluqueriaonline.com\/ultron-secador-professional-touch-gloss-edition-2000w-p-10527.html\u00bb]<h4 class=\"Title\" style=\"text-align: center;\">ULTRON SECADOR PROFESSIONAL TOUCH GLOSS EDITION 2000W<\/h4>\n<h1 style=\"text-align: center;\"><span style=\"color: #800000;\"><strong>42,00\u20ac<\/strong><\/span><\/h1>\n<p>.<\/p>[\/et_pb_text][\/et_pb_column][et_pb_column type=\u00bb1_3&#8243; _builder_version=\u00bb4.0.6&#8243;][et_pb_image src=\u00bbhttps:\/\/tupeluqueriaonline.com\/blog\/wp-content\/uploads\/2019\/12\/ai_12591-285-3154-0.jpeg\u00bb url=\u00bbhttps:\/\/www.tupeluqueriaonline.com\/original-dreox-secador-pelo-semi-compacto-2000w-p-12591.html#3154-rojo\u00bb _builder_version=\u00bb4.0.6&#8243; custom_padding=\u00bb||0px|||\u00bb][\/et_pb_image][et_pb_text _builder_version=\u00bb4.0.6&#8243; header_font_size=\u00bb41px\u00bb link_option_url=\u00bbhttps:\/\/www.tupeluqueriaonline.com\/original-dreox-secador-pelo-semi-compacto-2000w-p-12591.html#3154-rojo\u00bb]<h4 class=\"Title\" style=\"text-align: center;\">ORIGINAL DREOX SECADOR DE PELO SEMI COMPACTO 2000W<span id=\"sbatri\"><span>\u00a0<\/span>ROJO<\/span><\/h4>\n<h1 style=\"text-align: center;\"><span style=\"color: #800000;\"><strong>21,59\u20ac<\/strong><\/span><\/h1>\n<p>.<\/p>[\/et_pb_text][\/et_pb_column][et_pb_column type=\u00bb1_3&#8243; _builder_version=\u00bb4.0.6&#8243;][et_pb_image src=\u00bbhttps:\/\/tupeluqueriaonline.com\/blog\/wp-content\/uploads\/2019\/12\/gamma-piu-aria-dual-ionic-secador-de-pelo-profesional-azul-perlado-2250w-1-11798.jpeg\u00bb url=\u00bbhttps:\/\/www.tupeluqueriaonline.com\/gamma-aria-dual-ionic-secador-pelo-profesional-azul-perlado-2250w-p-11798.html\u00bb _builder_version=\u00bb4.0.6&#8243; custom_padding=\u00bb||0px|||\u00bb][\/et_pb_image][et_pb_text _builder_version=\u00bb4.0.6&#8243; header_font_size=\u00bb41px\u00bb link_option_url=\u00bbhttps:\/\/www.tupeluqueriaonline.com\/gamma-aria-dual-ionic-secador-pelo-profesional-azul-perlado-2250w-p-11798.html\u00bb]<h4 class=\"Title\" style=\"text-align: center;\">GAMMA PI\u00d9 ARIA DUAL IONIC SECADOR DE PELO PROFESIONAL AZUL PERLADO 2250W<\/h4>\n<h1 style=\"text-align: center;\"><span style=\"color: #800000;\"><strong>95,00\u20ac<\/strong><\/span><\/h1>\n<p>.<\/p>[\/et_pb_text][\/et_pb_column][\/et_pb_row][\/et_pb_section][et_pb_section fb_built=\u00bb1&#8243; admin_label=\u00bbCTA with Image\u00bb _builder_version=\u00bb3.22&#8243; custom_padding=\u00bb25px|0px|0px|0px||\u00bb box_shadow_style=\u00bbpreset7&#8243; box_shadow_horizontal=\u00bb0px\u00bb box_shadow_vertical=\u00bb-269px\u00bb box_shadow_color=\u00bb#f3f5fa\u00bb][et_pb_row column_structure=\u00bb1_2,1_2&#8243; use_custom_gutter=\u00bbon\u00bb gutter_width=\u00bb1&#8243; admin_label=\u00bbTittle Row\u00bb _builder_version=\u00bb3.25&#8243; custom_padding=\u00bb9px|0px|63px|0px||\u00bb][et_pb_column type=\u00bb1_2&#8243; _builder_version=\u00bb3.25&#8243; custom_padding=\u00bb|||\u00bb custom_padding__hover=\u00bb|||\u00bb][et_pb_cta title=\u00bbParlux 3200 Plus, el secador m\u00e1s econ\u00f3mico de Parlux 2019&#8243; button_url=\u00bbhttps:\/\/tupeluqueriaonline.com\/blog\/el-secador-inteligente-mas-ligero-del-mundo\/\u00bb button_text=\u00bbLeer m\u00e1s\u00bb _builder_version=\u00bb4.0.6&#8243; header_font=\u00bbMontserrat|700|||||||\u00bb header_font_size=\u00bb40px\u00bb header_line_height=\u00bb1.4em\u00bb body_font=\u00bbUbuntu|500|||||||\u00bb body_text_color=\u00bbrgba(255,255,255,0.7)\u00bb body_font_size=\u00bb16px\u00bb body_line_height=\u00bb1.8em\u00bb background_color=\u00bb#b51010&#8243; custom_button=\u00bbon\u00bb button_text_size=\u00bb16px\u00bb button_text_color=\u00bb#ffffff\u00bb button_bg_color=\u00bb#1FB6E9&#8243; button_border_width=\u00bb10px\u00bb button_border_color=\u00bb#1fb6e9&#8243; button_border_radius=\u00bb5px\u00bb button_letter_spacing=\u00bb2px\u00bb button_font=\u00bbUbuntu|||on|||||\u00bb button_use_icon=\u00bboff\u00bb text_orientation=\u00bbleft\u00bb max_width_last_edited=\u00bboff|desktop\u00bb module_alignment=\u00bbright\u00bb custom_padding=\u00bb100px|70px|100px|70px\u00bb animation_style=\u00bbslide\u00bb animation_direction=\u00bbbottom\u00bb animation_intensity_slide=\u00bb10%\u00bb animation_starting_opacity=\u00bb100%\u00bb header_font_size_tablet=\u00bb\u00bb header_font_size_phone=\u00bb29px\u00bb header_font_size_last_edited=\u00bbon|tablet\u00bb button_text_color_hover=\u00bb#ffffff\u00bb button_border_color_hover=\u00bb#2a3443&#8243; button_border_radius_hover=\u00bb5px\u00bb button_letter_spacing_hover=\u00bb2px\u00bb button_bg_color_hover=\u00bb#2a3443&#8243; button_text_size__hover_enabled=\u00bboff\u00bb button_one_text_size__hover_enabled=\u00bboff\u00bb button_two_text_size__hover_enabled=\u00bboff\u00bb button_text_color__hover_enabled=\u00bbon\u00bb button_text_color__hover=\u00bb#ffffff\u00bb button_one_text_color__hover_enabled=\u00bboff\u00bb button_two_text_color__hover_enabled=\u00bboff\u00bb button_border_width__hover_enabled=\u00bboff\u00bb button_one_border_width__hover_enabled=\u00bboff\u00bb button_two_border_width__hover_enabled=\u00bboff\u00bb button_border_color__hover_enabled=\u00bbon\u00bb button_border_color__hover=\u00bb#2a3443&#8243; button_one_border_color__hover_enabled=\u00bboff\u00bb button_two_border_color__hover_enabled=\u00bboff\u00bb button_border_radius__hover_enabled=\u00bbon\u00bb button_border_radius__hover=\u00bb5px\u00bb button_one_border_radius__hover_enabled=\u00bboff\u00bb button_two_border_radius__hover_enabled=\u00bboff\u00bb button_letter_spacing__hover_enabled=\u00bbon\u00bb button_letter_spacing__hover=\u00bb2px\u00bb button_one_letter_spacing__hover_enabled=\u00bboff\u00bb button_two_letter_spacing__hover_enabled=\u00bboff\u00bb button_bg_color__hover_enabled=\u00bbon\u00bb button_bg_color__hover=\u00bb#2a3443&#8243; button_one_bg_color__hover_enabled=\u00bboff\u00bb button_two_bg_color__hover_enabled=\u00bboff\u00bb]<p>Parlux es una marca mundialmente conocida por la calidad de sus secadores, Ahora nos trae una evoluci\u00f3n del<span>\u00a0<\/span><strong>Parlux 3200 Compact,<\/strong><span>\u00a0<\/span>donde ha cambiado su est\u00e9tica, potencia y nivel de ruido.<\/p>\n<p>El nuevo re-dise\u00f1o del secador<span>\u00a0<\/span><strong><a href=\"https:\/\/www.tupeluqueriaonline.com\/parlux-3200-plus-secador-pelo-profesional-1900-p-12531.html#2963-rojo\">Parlux 3200 Plus<\/a><\/strong>, combina la potencia con un nuevo \u201cconcepto de succi\u00f3n de flujo de aire\u201d de esa manera es m\u00e1s silencioso y un secado m\u00e1s r\u00e1pido.<\/p>[\/et_pb_cta][\/et_pb_column][et_pb_column type=\u00bb1_2&#8243; _builder_version=\u00bb3.25&#8243; custom_padding=\u00bb|||\u00bb custom_padding__hover=\u00bb|||\u00bb][et_pb_image src=\u00bbhttps:\/\/tupeluqueriaonline.com\/blog\/wp-content\/uploads\/2019\/12\/parlux-3200.jpg\u00bb align_tablet=\u00bbcenter\u00bb align_phone=\u00bb\u00bb align_last_edited=\u00bbon|desktop\u00bb _builder_version=\u00bb4.0.6&#8243; custom_margin=\u00bb92px|||||\u00bb animation_style=\u00bbslide\u00bb animation_direction=\u00bbtop\u00bb animation_intensity_slide=\u00bb10%\u00bb animation_starting_opacity=\u00bb100%\u00bb][\/et_pb_image][\/et_pb_column][\/et_pb_row][\/et_pb_section]\n","protected":false},"excerpt":{"rendered":"<p>Secadores de pelo Es el momento ideal para pedir\u00a0a los Reyes Magos. \u00a1Elige el secador perfecto para t\u00ed o quien tu quieras!. Tenemos los mejores precios de internet.Queridos Reyes Magos&#8230;\u00a0BABYLISSPRO SECADOR RAPIDO SECADOR DE PELO PROFESIONAL 110,11\u20ac .AG TWISTER 3900 ROJO| SECADOR DE PELO PROFESIONAL 2200W 23,50\u20ac .ORIGINAL SECADOR DREOX COMPACT 2000W\u00a0NEGRO 20,75\u20ac .PARLUX 3200 [&hellip;]<\/p>\n","protected":false},"author":2,"featured_media":0,"parent":0,"menu_order":0,"comment_status":"closed","ping_status":"closed","template":"","meta":{"_et_pb_use_builder":"on","_et_pb_old_content":"","_et_gb_content_width":"","footnotes":""},"class_list":["post-1250","page","type-page","status-publish","hentry"],"aioseo_notices":[],"_links":{"self":[{"href":"https:\/\/www.tupeluqueriaonline.com\/blog\/wp-json\/wp\/v2\/pages\/1250","targetHints":{"allow":["GET"]}}],"collection":[{"href":"https:\/\/www.tupeluqueriaonline.com\/blog\/wp-json\/wp\/v2\/pages"}],"about":[{"href":"https:\/\/www.tupeluqueriaonline.com\/blog\/wp-json\/wp\/v2\/types\/page"}],"author":[{"embeddable":true,"href":"https:\/\/www.tupeluqueriaonline.com\/blog\/wp-json\/wp\/v2\/users\/2"}],"replies":[{"embeddable":true,"href":"https:\/\/www.tupeluqueriaonline.com\/blog\/wp-json\/wp\/v2\/comments?post=1250"}],"version-history":[{"count":26,"href":"https:\/\/www.tupeluqueriaonline.com\/blog\/wp-json\/wp\/v2\/pages\/1250\/revisions"}],"predecessor-version":[{"id":1469,"href":"https:\/\/www.tupeluqueriaonline.com\/blog\/wp-json\/wp\/v2\/pages\/1250\/revisions\/1469"}],"wp:attachment":[{"href":"https:\/\/www.tupeluqueriaonline.com\/blog\/wp-json\/wp\/v2\/media?parent=1250"}],"curies":[{"name":"wp","href":"https:\/\/api.w.org\/{rel}","templated":true}]}}